{"id":473,"date":"2017-12-19T14:29:45","date_gmt":"2017-12-19T13:29:45","guid":{"rendered":"https:\/\/avivaoktatas.hu\/?page_id=473"},"modified":"2025-06-10T23:04:13","modified_gmt":"2025-06-10T22:04:13","slug":"ovulacios-torna","status":"publish","type":"page","link":"https:\/\/avivaoktatas.hu\/index.php\/ovulacios-torna\/","title":{"rendered":"Ovul\u00e1ci\u00f3s torna"},"content":{"rendered":"<p class=\"p1\"><span style=\"color: #000080;\"><em><strong>OVUL\u00c1CI\u00d3S TORNA \u00a0&#8211; GYAKORLATOK SORRENDJE: <\/strong><\/em><\/span><\/p>\n<p class=\"p1\"><span style=\"color: #000080;\"><em><strong>KIS SEG\u00cdTS\u00c9G A N\u00c1LAM TORN\u00c1Z\u00d3KNAK AZ OTTHONI GYAKORL\u00c1SHOZ &#8211; p\u00e1r sz\u00f3 is el\u00e9g!\u00a0 \ud83d\ude42<\/strong><\/em><\/span><\/p>\n<p class=\"p1\"><strong><span style=\"color: #000080;\"><em>1. PETEVEZET\u00c9K MELEG\u00cdT\u0150 (petevezet\u00e9kekre a k\u00e9z, el\u0151re &#8211; h\u00e1tra &#8211; oldalra a cs\u00edp\u0151 &#8211; majd m\u00e1sik oldal, \u00f6sszerak)<\/em><\/span><\/strong><br \/>\n<strong><span style=\"color: #000080;\"><em>2. LIBEG\u0150 ( f\u00f6ld\u00f6n \u00fcl\u00fcnk &#8211; h\u00e1trad\u0151l\u00fcnk, pofozzuk a leveg\u0151t, majd el\u0151re d\u0151l\u00fcnk, oldalra fordulunk, majd el\u0151red\u0151l\u00fcnk, pofozzuk a leveg\u0151t, majd\u00a0 a k\u00e9z oldalra, majd \u00a0el\u0151re d\u0151l\u00fcnk)<\/em><\/span><\/strong><br \/>\n<strong><span style=\"color: #000080;\"><em>3. TIK-TAK (f\u00f6ld\u00f6n \u00fcl\u00fcnk, l\u00e1bak egym\u00e1s fel\u00e9 p\u00e1rszor emelj\u00fck a l\u00e1bat, majd megtart &#8211; m\u00e1sik oldal, felv\u00e1ltva emel a l\u00e1b)<\/em><\/span><\/strong><br \/>\n<strong><span style=\"color: #000080;\"><em>4. Z &#8211; \u00dcL\u00c9S (f\u00f6ld\u00f6n feksz\u00fcnk &#8211; l\u00e1b a v\u00e1llhoz &#8211; l\u00e1b a f\u00fclh\u00f6z &#8211; majd behajl\u00edt, l\u00e1b ny\u00fajtva, felemelked\u00fcnk \u00a0\u00e9s r\u00e1hajol a l\u00e1bra)<\/em><\/span><\/strong><br \/>\n<strong><span style=\"color: #000080;\"><em>5. L\u00c1BLEND\u00cdT\u0150S (jobb k\u00e9zhez jobb l\u00e1b &#8211; bal k\u00e9zhez bal l\u00e1b, majd j\u00e1runk, \u00e1tl\u00f3ban lend\u00fcl a l\u00e1b &#8211; majd j\u00e1runk)<\/em><\/span><\/strong><br \/>\n<strong><span style=\"color: #000080;\"><em>6. HASONFEKV\u0150S<\/em><\/span><\/strong><br \/>\n<strong><span style=\"color: #000080;\"><em>7. KALAP\u00c1CSOL\u00c1S\u00a0<\/em><\/span><\/strong><br \/>\n<strong><span style=\"color: #000080;\"><em>8. 1., 2., 3., 4. (oldalra l\u00e9p &#8211; el\u0151rehajolunk -l\u00e9p, majd felny\u00fajtjuk a karunkat )<\/em><\/span><\/strong><br \/>\n<strong><span style=\"color: #000080;\"><em>9. PACSA &#8211; PACSA<\/em><\/span><\/strong><br \/>\n<strong><span style=\"color: #000080;\"><em>10. LOVAGL\u00c1S<\/em><\/span><\/strong><br \/>\n<strong><span style=\"color: #000080;\"><em>11. SZTEPPECSKE<\/em><\/span><\/strong><br \/>\n<strong><span style=\"color: #000080;\"><em>12. BILLEG\u0150 (egyik oldal &#8211; m\u00e1sik oldal, brazil t\u00e1ncosn\u0151)<\/em><\/span><\/strong><br \/>\n<strong><span style=\"color: #000080;\"><em>13. VIX (v\u00edzszintes a h\u00e1t &#8211; tenyerek \u00f6sszefog, el\u0151sz\u00f6r a l\u00e1bfej, majd a sarok emelkedik)<\/em><\/span><\/strong><br \/>\n<strong><span style=\"color: #000080;\"><em>14. KALAP\u00c1CSOL\u00d3S J\u00c1R\u00c1S\u00a0<\/em><\/span><\/strong><br \/>\n<strong><span style=\"color: #000080;\"><em><span style=\"line-height: 1.625;\">15. KACSA GYAKORLAT (combon t\u00e1maszkodunk &#8211; billen a fen\u00e9k ez egyik, majd m\u00e1sik oldalra, sarokkal felr\u00fag, majd kil\u00e9p egyik oldalra, majd m\u00e1sik oldalra)<\/span><\/em><\/span><\/strong><\/p>\n<p>&nbsp;<\/p>\n<p><img loading=\"lazy\" decoding=\"async\" class=\"wp-image-21 aligncenter\" src=\"https:\/\/avivaoktatas.hu\/wp-content\/uploads\/2016\/06\/aviva-logo_c_black.png\" alt=\"\" width=\"125\" height=\"103\" \/><\/p>\n","protected":false},"excerpt":{"rendered":"<p>OVUL\u00c1CI\u00d3S TORNA \u00a0&#8211; GYAKORLATOK SORRENDJE: KIS SEG\u00cdTS\u00c9G A N\u00c1LAM TORN\u00c1Z\u00d3KNAK AZ OTTHONI GYAKORL\u00c1SHOZ &#8211; p\u00e1r sz\u00f3 is el\u00e9g!\u00a0 \ud83d\ude42 1. PETEVEZET\u00c9K MELEG\u00cdT\u0150 (petevezet\u00e9kekre a k\u00e9z, el\u0151re &#8211; h\u00e1tra &#8211; oldalra a cs\u00edp\u0151 &#8211; majd m\u00e1sik oldal, \u00f6sszerak) 2. LIBEG\u0150 ( &hellip; <a href=\"https:\/\/avivaoktatas.hu\/index.php\/ovulacios-torna\/\">Egy kattint\u00e1s ide a folytat\u00e1shoz&#8230;. <span class=\"meta-nav\">&rarr;<\/span><\/a><\/p>\n","protected":false},"author":1,"featured_media":0,"parent":0,"menu_order":0,"comment_status":"closed","ping_status":"closed","template":"","meta":{"footnotes":""},"class_list":["post-473","page","type-page","status-publish","hentry"],"yoast_head":"<!-- This site is optimized with the Yoast SEO plugin v27.4 - https:\/\/yoast.com\/product\/yoast-seo-wordpress\/ -->\n<title>ovul\u00e1ci\u00f3s torna,seg\u00edti a hormonrendszer normaliz\u00e1l\u00e1s\u00e1t<\/title>\n<meta name=\"description\" content=\"ovul\u00e1ci\u00f3s torna, gyakorlatai seg\u00edtik a szervezetnek helyrehozni a hormonszint felborul\u00e1s\u00e1b\u00f3l ered\u0151 probl\u00e9m\u00e1kat, \u00f6sztrog\u00e9n, progeszteron, pajzsmirigy\" \/>\n<meta name=\"robots\" content=\"index, follow, max-snippet:-1, max-image-preview:large, max-video-preview:-1\" \/>\n<link rel=\"canonical\" href=\"https:\/\/avivaoktatas.hu\/index.php\/ovulacios-torna\/\" \/>\n<meta property=\"og:locale\" content=\"hu_HU\" \/>\n<meta property=\"og:type\" content=\"article\" \/>\n<meta property=\"og:title\" content=\"ovul\u00e1ci\u00f3s torna,seg\u00edti a hormonrendszer normaliz\u00e1l\u00e1s\u00e1t\" \/>\n<meta property=\"og:description\" content=\"ovul\u00e1ci\u00f3s torna, gyakorlatai seg\u00edtik a szervezetnek helyrehozni a hormonszint felborul\u00e1s\u00e1b\u00f3l ered\u0151 probl\u00e9m\u00e1kat, \u00f6sztrog\u00e9n, progeszteron, pajzsmirigy\" \/>\n<meta property=\"og:url\" content=\"https:\/\/avivaoktatas.hu\/index.php\/ovulacios-torna\/\" \/>\n<meta property=\"og:site_name\" content=\"avivaoktatas.hu\" \/>\n<meta property=\"article:publisher\" content=\"https:\/\/www.facebook.com\/avivaoktatas\/\" \/>\n<meta property=\"article:modified_time\" content=\"2025-06-10T22:04:13+00:00\" \/>\n<meta property=\"og:image\" content=\"https:\/\/avivaoktatas.hu\/wp-content\/uploads\/2016\/06\/aviva-logo_c_black.png\" \/>\n\t<meta property=\"og:image:width\" content=\"220\" \/>\n\t<meta property=\"og:image:height\" content=\"179\" \/>\n\t<meta property=\"og:image:type\" content=\"image\/png\" \/>\n<meta name=\"twitter:card\" content=\"summary_large_image\" \/>\n<meta name=\"twitter:label1\" content=\"Becs\u00fclt olvas\u00e1si id\u0151\" \/>\n\t<meta name=\"twitter:data1\" content=\"2 perc\" \/>\n<script type=\"application\/ld+json\" class=\"yoast-schema-graph\">{\"@context\":\"https:\\\/\\\/schema.org\",\"@graph\":[{\"@type\":\"WebPage\",\"@id\":\"https:\\\/\\\/avivaoktatas.hu\\\/index.php\\\/ovulacios-torna\\\/\",\"url\":\"https:\\\/\\\/avivaoktatas.hu\\\/index.php\\\/ovulacios-torna\\\/\",\"name\":\"ovul\u00e1ci\u00f3s torna,seg\u00edti a hormonrendszer normaliz\u00e1l\u00e1s\u00e1t\",\"isPartOf\":{\"@id\":\"https:\\\/\\\/avivaoktatas.hu\\\/#website\"},\"primaryImageOfPage\":{\"@id\":\"https:\\\/\\\/avivaoktatas.hu\\\/index.php\\\/ovulacios-torna\\\/#primaryimage\"},\"image\":{\"@id\":\"https:\\\/\\\/avivaoktatas.hu\\\/index.php\\\/ovulacios-torna\\\/#primaryimage\"},\"thumbnailUrl\":\"https:\\\/\\\/avivaoktatas.hu\\\/wp-content\\\/uploads\\\/2016\\\/06\\\/aviva-logo_c_black.png\",\"datePublished\":\"2017-12-19T13:29:45+00:00\",\"dateModified\":\"2025-06-10T22:04:13+00:00\",\"description\":\"ovul\u00e1ci\u00f3s torna, gyakorlatai seg\u00edtik a szervezetnek helyrehozni a hormonszint felborul\u00e1s\u00e1b\u00f3l ered\u0151 probl\u00e9m\u00e1kat, \u00f6sztrog\u00e9n, progeszteron, pajzsmirigy\",\"breadcrumb\":{\"@id\":\"https:\\\/\\\/avivaoktatas.hu\\\/index.php\\\/ovulacios-torna\\\/#breadcrumb\"},\"inLanguage\":\"hu\",\"potentialAction\":[{\"@type\":\"ReadAction\",\"target\":[\"https:\\\/\\\/avivaoktatas.hu\\\/index.php\\\/ovulacios-torna\\\/\"]}]},{\"@type\":\"ImageObject\",\"inLanguage\":\"hu\",\"@id\":\"https:\\\/\\\/avivaoktatas.hu\\\/index.php\\\/ovulacios-torna\\\/#primaryimage\",\"url\":\"https:\\\/\\\/avivaoktatas.hu\\\/wp-content\\\/uploads\\\/2016\\\/06\\\/aviva-logo_c_black.png\",\"contentUrl\":\"https:\\\/\\\/avivaoktatas.hu\\\/wp-content\\\/uploads\\\/2016\\\/06\\\/aviva-logo_c_black.png\",\"width\":220,\"height\":179,\"caption\":\"AVIVA methode\"},{\"@type\":\"BreadcrumbList\",\"@id\":\"https:\\\/\\\/avivaoktatas.hu\\\/index.php\\\/ovulacios-torna\\\/#breadcrumb\",\"itemListElement\":[{\"@type\":\"ListItem\",\"position\":1,\"name\":\"Home\",\"item\":\"https:\\\/\\\/avivaoktatas.hu\\\/\"},{\"@type\":\"ListItem\",\"position\":2,\"name\":\"Ovul\u00e1ci\u00f3s torna\"}]},{\"@type\":\"WebSite\",\"@id\":\"https:\\\/\\\/avivaoktatas.hu\\\/#website\",\"url\":\"https:\\\/\\\/avivaoktatas.hu\\\/\",\"name\":\"avivaoktatas.hu\",\"description\":\"Aviva torna betanul\u00f3 \u00e9s gyakorl\u00f3 \u00f3r\u00e1k, seg\u00edti a teherbees\u00e9st, ciszta, mi\u00f3ma, PCO, menopauza\",\"potentialAction\":[{\"@type\":\"SearchAction\",\"target\":{\"@type\":\"EntryPoint\",\"urlTemplate\":\"https:\\\/\\\/avivaoktatas.hu\\\/?s={search_term_string}\"},\"query-input\":{\"@type\":\"PropertyValueSpecification\",\"valueRequired\":true,\"valueName\":\"search_term_string\"}}],\"inLanguage\":\"hu\"}]}<\/script>\n<!-- \/ Yoast SEO plugin. -->","yoast_head_json":{"title":"ovul\u00e1ci\u00f3s torna,seg\u00edti a hormonrendszer normaliz\u00e1l\u00e1s\u00e1t","description":"ovul\u00e1ci\u00f3s torna, gyakorlatai seg\u00edtik a szervezetnek helyrehozni a hormonszint felborul\u00e1s\u00e1b\u00f3l ered\u0151 probl\u00e9m\u00e1kat, \u00f6sztrog\u00e9n, progeszteron, pajzsmirigy","robots":{"index":"index","follow":"follow","max-snippet":"max-snippet:-1","max-image-preview":"max-image-preview:large","max-video-preview":"max-video-preview:-1"},"canonical":"https:\/\/avivaoktatas.hu\/index.php\/ovulacios-torna\/","og_locale":"hu_HU","og_type":"article","og_title":"ovul\u00e1ci\u00f3s torna,seg\u00edti a hormonrendszer normaliz\u00e1l\u00e1s\u00e1t","og_description":"ovul\u00e1ci\u00f3s torna, gyakorlatai seg\u00edtik a szervezetnek helyrehozni a hormonszint felborul\u00e1s\u00e1b\u00f3l ered\u0151 probl\u00e9m\u00e1kat, \u00f6sztrog\u00e9n, progeszteron, pajzsmirigy","og_url":"https:\/\/avivaoktatas.hu\/index.php\/ovulacios-torna\/","og_site_name":"avivaoktatas.hu","article_publisher":"https:\/\/www.facebook.com\/avivaoktatas\/","article_modified_time":"2025-06-10T22:04:13+00:00","og_image":[{"width":220,"height":179,"url":"https:\/\/avivaoktatas.hu\/wp-content\/uploads\/2016\/06\/aviva-logo_c_black.png","type":"image\/png"}],"twitter_card":"summary_large_image","twitter_misc":{"Becs\u00fclt olvas\u00e1si id\u0151":"2 perc"},"schema":{"@context":"https:\/\/schema.org","@graph":[{"@type":"WebPage","@id":"https:\/\/avivaoktatas.hu\/index.php\/ovulacios-torna\/","url":"https:\/\/avivaoktatas.hu\/index.php\/ovulacios-torna\/","name":"ovul\u00e1ci\u00f3s torna,seg\u00edti a hormonrendszer normaliz\u00e1l\u00e1s\u00e1t","isPartOf":{"@id":"https:\/\/avivaoktatas.hu\/#website"},"primaryImageOfPage":{"@id":"https:\/\/avivaoktatas.hu\/index.php\/ovulacios-torna\/#primaryimage"},"image":{"@id":"https:\/\/avivaoktatas.hu\/index.php\/ovulacios-torna\/#primaryimage"},"thumbnailUrl":"https:\/\/avivaoktatas.hu\/wp-content\/uploads\/2016\/06\/aviva-logo_c_black.png","datePublished":"2017-12-19T13:29:45+00:00","dateModified":"2025-06-10T22:04:13+00:00","description":"ovul\u00e1ci\u00f3s torna, gyakorlatai seg\u00edtik a szervezetnek helyrehozni a hormonszint felborul\u00e1s\u00e1b\u00f3l ered\u0151 probl\u00e9m\u00e1kat, \u00f6sztrog\u00e9n, progeszteron, pajzsmirigy","breadcrumb":{"@id":"https:\/\/avivaoktatas.hu\/index.php\/ovulacios-torna\/#breadcrumb"},"inLanguage":"hu","potentialAction":[{"@type":"ReadAction","target":["https:\/\/avivaoktatas.hu\/index.php\/ovulacios-torna\/"]}]},{"@type":"ImageObject","inLanguage":"hu","@id":"https:\/\/avivaoktatas.hu\/index.php\/ovulacios-torna\/#primaryimage","url":"https:\/\/avivaoktatas.hu\/wp-content\/uploads\/2016\/06\/aviva-logo_c_black.png","contentUrl":"https:\/\/avivaoktatas.hu\/wp-content\/uploads\/2016\/06\/aviva-logo_c_black.png","width":220,"height":179,"caption":"AVIVA methode"},{"@type":"BreadcrumbList","@id":"https:\/\/avivaoktatas.hu\/index.php\/ovulacios-torna\/#breadcrumb","itemListElement":[{"@type":"ListItem","position":1,"name":"Home","item":"https:\/\/avivaoktatas.hu\/"},{"@type":"ListItem","position":2,"name":"Ovul\u00e1ci\u00f3s torna"}]},{"@type":"WebSite","@id":"https:\/\/avivaoktatas.hu\/#website","url":"https:\/\/avivaoktatas.hu\/","name":"avivaoktatas.hu","description":"Aviva torna betanul\u00f3 \u00e9s gyakorl\u00f3 \u00f3r\u00e1k, seg\u00edti a teherbees\u00e9st, ciszta, mi\u00f3ma, PCO, menopauza","potentialAction":[{"@type":"SearchAction","target":{"@type":"EntryPoint","urlTemplate":"https:\/\/avivaoktatas.hu\/?s={search_term_string}"},"query-input":{"@type":"PropertyValueSpecification","valueRequired":true,"valueName":"search_term_string"}}],"inLanguage":"hu"}]}},"_links":{"self":[{"href":"https:\/\/avivaoktatas.hu\/index.php\/wp-json\/wp\/v2\/pages\/473","targetHints":{"allow":["GET"]}}],"collection":[{"href":"https:\/\/avivaoktatas.hu\/index.php\/wp-json\/wp\/v2\/pages"}],"about":[{"href":"https:\/\/avivaoktatas.hu\/index.php\/wp-json\/wp\/v2\/types\/page"}],"author":[{"embeddable":true,"href":"https:\/\/avivaoktatas.hu\/index.php\/wp-json\/wp\/v2\/users\/1"}],"replies":[{"embeddable":true,"href":"https:\/\/avivaoktatas.hu\/index.php\/wp-json\/wp\/v2\/comments?post=473"}],"version-history":[{"count":11,"href":"https:\/\/avivaoktatas.hu\/index.php\/wp-json\/wp\/v2\/pages\/473\/revisions"}],"predecessor-version":[{"id":1309,"href":"https:\/\/avivaoktatas.hu\/index.php\/wp-json\/wp\/v2\/pages\/473\/revisions\/1309"}],"wp:attachment":[{"href":"https:\/\/avivaoktatas.hu\/index.php\/wp-json\/wp\/v2\/media?parent=473"}],"curies":[{"name":"wp","href":"https:\/\/api.w.org\/{rel}","templated":true}]}}