{"id":468,"date":"2017-12-19T14:21:49","date_gmt":"2017-12-19T13:21:49","guid":{"rendered":"https:\/\/avivaoktatas.hu\/?page_id=468"},"modified":"2025-06-10T23:00:42","modified_gmt":"2025-06-10T22:00:42","slug":"egyszeru-modszer","status":"publish","type":"page","link":"https:\/\/avivaoktatas.hu\/index.php\/egyszeru-modszer\/","title":{"rendered":"Egyszer\u0171 m\u00f3dszer, alap gyakorlatok"},"content":{"rendered":"<p class=\"p1\"><span style=\"color: #008080;\"><strong><em>AZ EGYSZER\u0170 M\u00d3DSZER 18 GYAKORLATA <\/em><\/strong><\/span><\/p>\n<p class=\"p1\"><span style=\"color: #008080;\"><strong><em>KIS SEG\u00cdTS\u00c9G A N\u00c1LAM TORN\u00c1ZOKNAK AZ OTTHONI GYAKORL\u00c1SHOZ -p\u00e1r sz\u00f3 is el\u00e9g ..\u00a0 \ud83d\ude42<\/em><\/strong><\/span><\/p>\n<p class=\"p1\"><strong><em style=\"color: #008080;\">1. BEMELEG\u00cdT\u0150 SASSZ\u00c9Z\u00c1S &#8211; oldalt a k\u00e9z, billent, be\u00fct &#8211; fordul &#8211; kett\u0151t l\u00e9p, fordul, majd tov\u00e1bb 2 l\u00e9p\u00e9s, fordul<br \/>\n<\/em><em style=\"color: #008080;\">2. &#8222;ZORBA&#8221; (el\u0151re &#8211; h\u00e1tra -oldalra &#8211; m\u00e1sik oldalra l\u00e9p\u00e9s, cs\u00edp\u0151billent\u00e9s), szirtaki, k\u00e9zp\u00f6rget\u00e9s, gyors zorba, el\u0151re, h\u00e1tra majd oldalra laz\u00edt\u00e1s)<br \/>\n<\/em><em style=\"color: #008080;\">3. SZ\u00c9K MELLETT L\u00c1BUJJHEGYEN (sarok emel\u00e9s, sarok emel\u00e9s tart\u00e1s)<br \/>\n<\/em><em style=\"color: #008080;\">4. SZ\u00c9K MELLETT L\u00c1BLEND\u00cdT\u00c9S (el\u0151re, oldalra, majd v\u00edzszintes a h\u00e1t, l\u00e1bny\u00fajt\u00e1s h\u00e1tra)<br \/>\n<\/em><em style=\"color: #008080;\">5. HAJLONG\u00c1S, LAZ\u00cdT\u00c1S (lehajol &#8211; megny\u00fajt &#8211; fej f\u00f6l\u00e9 a kar &#8211; h\u00e1tra d\u0151l, bab\u00e1z\u00e1s, hawaii hull\u00e1mok)<br \/>\n<\/em><em style=\"color: #008080;\">6. L\u00c1BHINTA (el\u0151re &#8211; h\u00e1tra lend\u00fcl a l\u00e1b)<br \/>\n<\/em><em style=\"color: #008080;\">7. HELYREHOZ\u00d3 GYAKORLAT (egyik k\u00e9z a f\u00fclh\u00f6z &#8211; m\u00e1sik a combhoz, majd mind k\u00e9t k\u00e9z h\u00e1tra lend\u00fcl)<br \/>\n<\/em><em style=\"color: #008080;\">8. Z<span class=\"Apple-converted-space\">\u00a0 <\/span>&#8211; \u00dcL\u00c9S (pip\u00e1ban a l\u00e1b &#8211; oldalra visz, majd elfordul)<br \/>\n<\/em><em><span style=\"color: #008080;\">9. PUMPA \u00c9S RAK\u00c9TA (v\u00edzszintes\u00a0a h\u00e1t\u00a0<em style=\"color: #008080;\">(egyik k\u00e9z a f\u00fclh\u00f6z &#8211; m\u00e1sik a combhoz, majd mind k\u00e9t k\u00e9z h\u00e1tra lend\u00fcl, h\u00e1tra csusszan)<\/em><\/span><br \/>\n<\/em><em style=\"color: #008080;\">10. RUG\u00d3 (l\u00e1b a mellhez, el\u0151re r\u00fag, majd j\u00e1r)<br \/>\n<\/em><em style=\"color: #008080;\">11.FUTBALL (hasizom gyakorlat)<br \/>\n<\/em><em style=\"color: #008080;\">12. MAJOMJ\u00c1R\u00c1S (kis majom g\u00f6rd\u00fcl\u0151 j\u00e1r\u00e1s, k\u00f6zben l\u00f3g a k\u00e9z &#8211; nagy majom v\u00edzszintes a h\u00e1t egyik k\u00e9z el\u0151re ny\u00falik a m\u00e1sik h\u00e1tra, k\u00f6zben rug\u00f3z\u00e1s)<br \/>\n<\/em><em style=\"color: #008080;\">13. SZTEPPECSKE (a h\u00e1ts\u00f3 l\u00e1b stabil, els\u0151 l\u00e1b sarka emelkedik, billent &#8211; majd csere)<br \/>\n<\/em><em style=\"color: #008080;\">14. JELK\u00c9P GYAKORLAT ((az els\u0151 l\u00e1b stabil, h\u00e1ts\u00f3 l\u00e1b sarka emelkedik, k\u00e9z a f\u00fcl mellett, billent\u00a0 &#8211; majd csere)<br \/>\n<\/em><em style=\"color: #008080;\">15.1, 2, BUMM (cs\u00edp\u0151 egyik oldal, m\u00e1sik oldal, majd bumm)<br \/>\n<\/em><em style=\"color: #008080;\">16. PARADICSOM MAD\u00c1R (kis paradicsom mad\u00e1r v\u00edzszintes a h\u00e1t, oldalra lend\u00fcl a k\u00e9z &#8211; majd forog,-\u00a0 nagy paradicsom mad\u00e1r kiegyenesedik oldalra lend\u00fcl a k\u00e9z &#8211; majd forog,<br \/>\n<\/em><em style=\"color: #008080;\">17. HASONFEKV\u0150S, L\u00c1BEMEL\u0150S (beszor\u00edt a fen\u00e9k, majd l\u00e1bemel\u00e9s 4x, majd 4x emel \u00e9s tart -l\u00e1bcsere &#8211; majd mind a k\u00e9t l\u00e1b &#8211; h\u00e1trafordul 90 fok, majd 45 fok &#8211; majd f\u00f6ld f\u00f6l\u00f6tt)<br \/>\n<\/em><em style=\"color: #008080;\">18. T\u00d6R\u00d6LK\u00d6Z\u0150S (cs\u00edp\u00f3 mozdul, &#8222;p\u00e1rn\u00e1cska&#8221; meleg\u00edt\u00e9s, majd forg\u00e1s)<\/em><\/strong><\/p>\n<p>&nbsp;<\/p>\n<p><img loading=\"lazy\" decoding=\"async\" class=\"wp-image-21 aligncenter\" src=\"https:\/\/avivaoktatas.hu\/wp-content\/uploads\/2016\/06\/aviva-logo_c_black.png\" alt=\"\" width=\"112\" height=\"92\" \/><\/p>\n","protected":false},"excerpt":{"rendered":"<p>AZ EGYSZER\u0170 M\u00d3DSZER 18 GYAKORLATA KIS SEG\u00cdTS\u00c9G A N\u00c1LAM TORN\u00c1ZOKNAK AZ OTTHONI GYAKORL\u00c1SHOZ -p\u00e1r sz\u00f3 is el\u00e9g ..\u00a0 \ud83d\ude42 1. BEMELEG\u00cdT\u0150 SASSZ\u00c9Z\u00c1S &#8211; oldalt a k\u00e9z, billent, be\u00fct &#8211; fordul &#8211; kett\u0151t l\u00e9p, fordul, majd tov\u00e1bb 2 l\u00e9p\u00e9s, fordul 2. &hellip; <a href=\"https:\/\/avivaoktatas.hu\/index.php\/egyszeru-modszer\/\">Egy kattint\u00e1s ide a folytat\u00e1shoz&#8230;. <span class=\"meta-nav\">&rarr;<\/span><\/a><\/p>\n","protected":false},"author":1,"featured_media":0,"parent":0,"menu_order":0,"comment_status":"closed","ping_status":"closed","template":"","meta":{"footnotes":""},"class_list":["post-468","page","type-page","status-publish","hentry"],"yoast_head":"<!-- This site is optimized with the Yoast SEO plugin v27.4 - https:\/\/yoast.com\/product\/yoast-seo-wordpress\/ -->\n<title>Egyszer\u0171 m\u00f3dszer, alap gyakorlatok - avivaoktatas.hu<\/title>\n<meta name=\"description\" content=\"aviva gyakorlatok le\u00edr\u00e1sa,\" \/>\n<meta name=\"robots\" content=\"index, follow, max-snippet:-1, max-image-preview:large, max-video-preview:-1\" \/>\n<link rel=\"canonical\" href=\"https:\/\/avivaoktatas.hu\/index.php\/egyszeru-modszer\/\" \/>\n<meta property=\"og:locale\" content=\"hu_HU\" \/>\n<meta property=\"og:type\" content=\"article\" \/>\n<meta property=\"og:title\" content=\"Egyszer\u0171 m\u00f3dszer, alap gyakorlatok - avivaoktatas.hu\" \/>\n<meta property=\"og:description\" content=\"aviva gyakorlatok le\u00edr\u00e1sa,\" \/>\n<meta property=\"og:url\" content=\"https:\/\/avivaoktatas.hu\/index.php\/egyszeru-modszer\/\" \/>\n<meta property=\"og:site_name\" content=\"avivaoktatas.hu\" \/>\n<meta property=\"article:publisher\" content=\"https:\/\/www.facebook.com\/avivaoktatas\/\" \/>\n<meta property=\"article:modified_time\" content=\"2025-06-10T22:00:42+00:00\" \/>\n<meta property=\"og:image\" content=\"https:\/\/avivaoktatas.hu\/wp-content\/uploads\/2016\/06\/aviva-logo_c_black.png\" \/>\n\t<meta property=\"og:image:width\" content=\"220\" \/>\n\t<meta property=\"og:image:height\" content=\"179\" \/>\n\t<meta property=\"og:image:type\" content=\"image\/png\" \/>\n<meta name=\"twitter:card\" content=\"summary_large_image\" \/>\n<meta name=\"twitter:label1\" content=\"Becs\u00fclt olvas\u00e1si id\u0151\" \/>\n\t<meta name=\"twitter:data1\" content=\"2 perc\" \/>\n<script type=\"application\/ld+json\" class=\"yoast-schema-graph\">{\"@context\":\"https:\\\/\\\/schema.org\",\"@graph\":[{\"@type\":\"WebPage\",\"@id\":\"https:\\\/\\\/avivaoktatas.hu\\\/index.php\\\/egyszeru-modszer\\\/\",\"url\":\"https:\\\/\\\/avivaoktatas.hu\\\/index.php\\\/egyszeru-modszer\\\/\",\"name\":\"Egyszer\u0171 m\u00f3dszer, alap gyakorlatok - avivaoktatas.hu\",\"isPartOf\":{\"@id\":\"https:\\\/\\\/avivaoktatas.hu\\\/#website\"},\"primaryImageOfPage\":{\"@id\":\"https:\\\/\\\/avivaoktatas.hu\\\/index.php\\\/egyszeru-modszer\\\/#primaryimage\"},\"image\":{\"@id\":\"https:\\\/\\\/avivaoktatas.hu\\\/index.php\\\/egyszeru-modszer\\\/#primaryimage\"},\"thumbnailUrl\":\"https:\\\/\\\/avivaoktatas.hu\\\/wp-content\\\/uploads\\\/2016\\\/06\\\/aviva-logo_c_black.png\",\"datePublished\":\"2017-12-19T13:21:49+00:00\",\"dateModified\":\"2025-06-10T22:00:42+00:00\",\"description\":\"aviva gyakorlatok le\u00edr\u00e1sa,\",\"breadcrumb\":{\"@id\":\"https:\\\/\\\/avivaoktatas.hu\\\/index.php\\\/egyszeru-modszer\\\/#breadcrumb\"},\"inLanguage\":\"hu\",\"potentialAction\":[{\"@type\":\"ReadAction\",\"target\":[\"https:\\\/\\\/avivaoktatas.hu\\\/index.php\\\/egyszeru-modszer\\\/\"]}]},{\"@type\":\"ImageObject\",\"inLanguage\":\"hu\",\"@id\":\"https:\\\/\\\/avivaoktatas.hu\\\/index.php\\\/egyszeru-modszer\\\/#primaryimage\",\"url\":\"https:\\\/\\\/avivaoktatas.hu\\\/wp-content\\\/uploads\\\/2016\\\/06\\\/aviva-logo_c_black.png\",\"contentUrl\":\"https:\\\/\\\/avivaoktatas.hu\\\/wp-content\\\/uploads\\\/2016\\\/06\\\/aviva-logo_c_black.png\",\"width\":220,\"height\":179,\"caption\":\"AVIVA methode\"},{\"@type\":\"BreadcrumbList\",\"@id\":\"https:\\\/\\\/avivaoktatas.hu\\\/index.php\\\/egyszeru-modszer\\\/#breadcrumb\",\"itemListElement\":[{\"@type\":\"ListItem\",\"position\":1,\"name\":\"Home\",\"item\":\"https:\\\/\\\/avivaoktatas.hu\\\/\"},{\"@type\":\"ListItem\",\"position\":2,\"name\":\"Egyszer\u0171 m\u00f3dszer, alap gyakorlatok\"}]},{\"@type\":\"WebSite\",\"@id\":\"https:\\\/\\\/avivaoktatas.hu\\\/#website\",\"url\":\"https:\\\/\\\/avivaoktatas.hu\\\/\",\"name\":\"avivaoktatas.hu\",\"description\":\"Aviva torna betanul\u00f3 \u00e9s gyakorl\u00f3 \u00f3r\u00e1k, seg\u00edti a teherbees\u00e9st, ciszta, mi\u00f3ma, PCO, menopauza\",\"potentialAction\":[{\"@type\":\"SearchAction\",\"target\":{\"@type\":\"EntryPoint\",\"urlTemplate\":\"https:\\\/\\\/avivaoktatas.hu\\\/?s={search_term_string}\"},\"query-input\":{\"@type\":\"PropertyValueSpecification\",\"valueRequired\":true,\"valueName\":\"search_term_string\"}}],\"inLanguage\":\"hu\"}]}<\/script>\n<!-- \/ Yoast SEO plugin. -->","yoast_head_json":{"title":"Egyszer\u0171 m\u00f3dszer, alap gyakorlatok - avivaoktatas.hu","description":"aviva gyakorlatok le\u00edr\u00e1sa,","robots":{"index":"index","follow":"follow","max-snippet":"max-snippet:-1","max-image-preview":"max-image-preview:large","max-video-preview":"max-video-preview:-1"},"canonical":"https:\/\/avivaoktatas.hu\/index.php\/egyszeru-modszer\/","og_locale":"hu_HU","og_type":"article","og_title":"Egyszer\u0171 m\u00f3dszer, alap gyakorlatok - avivaoktatas.hu","og_description":"aviva gyakorlatok le\u00edr\u00e1sa,","og_url":"https:\/\/avivaoktatas.hu\/index.php\/egyszeru-modszer\/","og_site_name":"avivaoktatas.hu","article_publisher":"https:\/\/www.facebook.com\/avivaoktatas\/","article_modified_time":"2025-06-10T22:00:42+00:00","og_image":[{"width":220,"height":179,"url":"https:\/\/avivaoktatas.hu\/wp-content\/uploads\/2016\/06\/aviva-logo_c_black.png","type":"image\/png"}],"twitter_card":"summary_large_image","twitter_misc":{"Becs\u00fclt olvas\u00e1si id\u0151":"2 perc"},"schema":{"@context":"https:\/\/schema.org","@graph":[{"@type":"WebPage","@id":"https:\/\/avivaoktatas.hu\/index.php\/egyszeru-modszer\/","url":"https:\/\/avivaoktatas.hu\/index.php\/egyszeru-modszer\/","name":"Egyszer\u0171 m\u00f3dszer, alap gyakorlatok - avivaoktatas.hu","isPartOf":{"@id":"https:\/\/avivaoktatas.hu\/#website"},"primaryImageOfPage":{"@id":"https:\/\/avivaoktatas.hu\/index.php\/egyszeru-modszer\/#primaryimage"},"image":{"@id":"https:\/\/avivaoktatas.hu\/index.php\/egyszeru-modszer\/#primaryimage"},"thumbnailUrl":"https:\/\/avivaoktatas.hu\/wp-content\/uploads\/2016\/06\/aviva-logo_c_black.png","datePublished":"2017-12-19T13:21:49+00:00","dateModified":"2025-06-10T22:00:42+00:00","description":"aviva gyakorlatok le\u00edr\u00e1sa,","breadcrumb":{"@id":"https:\/\/avivaoktatas.hu\/index.php\/egyszeru-modszer\/#breadcrumb"},"inLanguage":"hu","potentialAction":[{"@type":"ReadAction","target":["https:\/\/avivaoktatas.hu\/index.php\/egyszeru-modszer\/"]}]},{"@type":"ImageObject","inLanguage":"hu","@id":"https:\/\/avivaoktatas.hu\/index.php\/egyszeru-modszer\/#primaryimage","url":"https:\/\/avivaoktatas.hu\/wp-content\/uploads\/2016\/06\/aviva-logo_c_black.png","contentUrl":"https:\/\/avivaoktatas.hu\/wp-content\/uploads\/2016\/06\/aviva-logo_c_black.png","width":220,"height":179,"caption":"AVIVA methode"},{"@type":"BreadcrumbList","@id":"https:\/\/avivaoktatas.hu\/index.php\/egyszeru-modszer\/#breadcrumb","itemListElement":[{"@type":"ListItem","position":1,"name":"Home","item":"https:\/\/avivaoktatas.hu\/"},{"@type":"ListItem","position":2,"name":"Egyszer\u0171 m\u00f3dszer, alap gyakorlatok"}]},{"@type":"WebSite","@id":"https:\/\/avivaoktatas.hu\/#website","url":"https:\/\/avivaoktatas.hu\/","name":"avivaoktatas.hu","description":"Aviva torna betanul\u00f3 \u00e9s gyakorl\u00f3 \u00f3r\u00e1k, seg\u00edti a teherbees\u00e9st, ciszta, mi\u00f3ma, PCO, menopauza","potentialAction":[{"@type":"SearchAction","target":{"@type":"EntryPoint","urlTemplate":"https:\/\/avivaoktatas.hu\/?s={search_term_string}"},"query-input":{"@type":"PropertyValueSpecification","valueRequired":true,"valueName":"search_term_string"}}],"inLanguage":"hu"}]}},"_links":{"self":[{"href":"https:\/\/avivaoktatas.hu\/index.php\/wp-json\/wp\/v2\/pages\/468","targetHints":{"allow":["GET"]}}],"collection":[{"href":"https:\/\/avivaoktatas.hu\/index.php\/wp-json\/wp\/v2\/pages"}],"about":[{"href":"https:\/\/avivaoktatas.hu\/index.php\/wp-json\/wp\/v2\/types\/page"}],"author":[{"embeddable":true,"href":"https:\/\/avivaoktatas.hu\/index.php\/wp-json\/wp\/v2\/users\/1"}],"replies":[{"embeddable":true,"href":"https:\/\/avivaoktatas.hu\/index.php\/wp-json\/wp\/v2\/comments?post=468"}],"version-history":[{"count":10,"href":"https:\/\/avivaoktatas.hu\/index.php\/wp-json\/wp\/v2\/pages\/468\/revisions"}],"predecessor-version":[{"id":1308,"href":"https:\/\/avivaoktatas.hu\/index.php\/wp-json\/wp\/v2\/pages\/468\/revisions\/1308"}],"wp:attachment":[{"href":"https:\/\/avivaoktatas.hu\/index.php\/wp-json\/wp\/v2\/media?parent=468"}],"curies":[{"name":"wp","href":"https:\/\/api.w.org\/{rel}","templated":true}]}}