{"id":413,"date":"2017-11-24T14:31:55","date_gmt":"2017-11-24T13:31:55","guid":{"rendered":"https:\/\/avivaoktatas.hu\/?page_id=413"},"modified":"2023-12-21T14:37:07","modified_gmt":"2023-12-21T13:37:07","slug":"kerdesek__trashed","status":"publish","type":"page","link":"https:\/\/avivaoktatas.hu\/index.php\/kerdesek__trashed\/","title":{"rendered":"Gy.I.K"},"content":{"rendered":"<h1 style=\"text-align: center;\"><span style=\"color: #000000;\"><strong>Gy.I.K &#8211; (FAQ)<\/strong><\/span><\/h1>\n<h2>Gyakran Ism\u00e9telt K\u00e9rd\u00e9sek<\/h2>\n<p>A gyakran ism\u00e9telt k\u00e9rd\u00e9sek alatt v\u00e1laszt kaphatsz azokra a k\u00e9rd\u00e9sekre, ami benned is felmer\u00fclt. K\u00e9rlek olvasd el a k\u00e9rd\u00e9seket, mert sokszor m\u00e1r el\u0151tted is feltett\u00e9k.<br \/>\nAmennyiben nem tal\u00e1lsz v\u00e1laszt, \u00edrd meg, hogy v\u00e1laszolhassak r\u00e1.<\/p>\n<p><strong>Lehet torn\u00e1zni menstru\u00e1ci\u00f3 alatt?<br \/>\n<\/strong><em><strong>Milyen gyorsan fogom \u00e9rezni a torna hat\u00e1s\u00e1t?<\/strong><\/em><br \/>\n<em><strong>Mennyi id\u0151s kort\u00f3l lehet torn\u00e1zni?<\/strong><\/em><br \/>\n<em><strong>Mennyi id\u0151s korig lehet torn\u00e1zni?<\/strong><\/em><br \/>\n<em><strong>F\u00e1j a h\u00e1tam, tudok e torn\u00e1zni?<\/strong><\/em><\/p>\n<p>&nbsp;<\/p>\n<p><strong>Lehet torn\u00e1zni menstru\u00e1ci\u00f3 alatt?<br \/>\n<\/strong><span style=\"line-height: 1.625;\">\u00c9n nem tiltom a menstru\u00e1ci\u00f3 alatti torn\u00e1t, s\u0151t javaslom a kipr\u00f3b\u00e1l\u00e1s\u00e1t, viszont ha kellemetlen a torna, akkor abba kell hagyni.<\/span><span style=\"line-height: 1.625;\">\u00a0A rendszeres torna viszont j\u00f3t\u00e9kony hat\u00e1ssal van a menstru\u00e1ci\u00f3 lefoly\u00e1s\u00e1ra.<\/span><\/p>\n<p><strong>Milyen gyorsan fogom \u00e9rezni a torna hat\u00e1s\u00e1t?<br \/>\n<\/strong>M\u00e1r a betanul\u00f3 tanfolyamon \u00e9rzed, hogy valami t\u00f6rt\u00e9nik, hiszen megdolgoztatod az alhasi r\u00e9szt. A konkr\u00e9t hat\u00e1s, vagyis gy\u00f3gyul\u00e1s, egy\u00e9nenk\u00e9nt v\u00e1ltozik. F\u00fcgg a probl\u00e9ma t\u00edpus\u00e1t\u00f3l \u00e9s, hogy milyen r\u00e9g\u00f3ta \u00e1ll fent a probl\u00e9ma.<\/p>\n<p><strong>Mennyi id\u0151s kort\u00f3l lehet torn\u00e1zni?<br \/>\n<\/strong>18 \u00e9let\u00e9v bet\u00f6lt\u00e9s\u00e9t\u0151l javasoljuk a torna gyakorl\u00e1s\u00e1t, de el\u0151tte is lehet torn\u00e1zni.<\/p>\n<p><em><strong>Mennyi id\u0151s korig lehet torn\u00e1zni?<br \/>\n<\/strong><\/em>Ameddig j\u00f3lesik.\u00a0Min\u00e9l tov\u00e1bb torn\u00e1zol, ann\u00e1l tov\u00e1bb \u00e9lvezed a torna j\u00f3t\u00e9kony hat\u00e1s\u00e1t.<\/p>\n<p class=\"p1\"><b><i>N\u00e9melyik torn\u00e1t\u00f3l f\u00e1j a h\u00e1tam \u00e9s a t\u00e9rdem, az aviva torna is okozhat f\u00e1jdalmat?<\/i><\/b>Amennyiben helyesen v\u00e9gzed a gyakorlatokat, nem f\u00e1jhat semmid, csak izoml\u00e1zad lehet. A gyakorlatok pontos kivitelez\u00e9se fontos a gerinc \u00e9s az \u00edz\u00fcletek v\u00e9delme \u00e9rdek\u00e9ben, valamint a gyors eredm\u00e9ny el\u00e9r\u00e9s\u00e9hez.<\/p>\n<p>&nbsp;<\/p>\n<p>&nbsp;<\/p>\n<p class=\"p1\"><img loading=\"lazy\" decoding=\"async\" class=\"wp-image-21 aligncenter\" src=\"https:\/\/avivaoktatas.hu\/wp-content\/uploads\/2016\/06\/aviva-logo_c_black.png\" alt=\"\" width=\"105\" height=\"87\" \/><\/p>\n","protected":false},"excerpt":{"rendered":"<p>Gy.I.K &#8211; (FAQ) Gyakran Ism\u00e9telt K\u00e9rd\u00e9sek A gyakran ism\u00e9telt k\u00e9rd\u00e9sek alatt v\u00e1laszt kaphatsz azokra a k\u00e9rd\u00e9sekre, ami benned is felmer\u00fclt. K\u00e9rlek olvasd el a k\u00e9rd\u00e9seket, mert sokszor m\u00e1r el\u0151tted is feltett\u00e9k. Amennyiben nem tal\u00e1lsz v\u00e1laszt, \u00edrd meg, hogy v\u00e1laszolhassak r\u00e1. &hellip; <a href=\"https:\/\/avivaoktatas.hu\/index.php\/kerdesek__trashed\/\">Egy kattint\u00e1s ide a folytat\u00e1shoz&#8230;. <span class=\"meta-nav\">&rarr;<\/span><\/a><\/p>\n","protected":false},"author":1,"featured_media":0,"parent":0,"menu_order":0,"comment_status":"closed","ping_status":"closed","template":"","meta":{"footnotes":""},"class_list":["post-413","page","type-page","status-publish","hentry"],"yoast_head":"<!-- This site is optimized with the Yoast SEO plugin v27.4 - https:\/\/yoast.com\/product\/yoast-seo-wordpress\/ -->\n<title>Gyakran ism\u00e9telt k\u00e9rd\u00e9sek az aviva torn\u00e1val kapcsolatban<\/title>\n<meta name=\"description\" content=\"Gyakran ism\u00e9telt k\u00e9rd\u00e9sek, v\u00e1laszok, amit te is feltenn\u00e9l a torn\u00e1val kapcsolatban. rem\u00e9lem mindenre v\u00e1laszt kapsz, ami \u00e9rdekel\" \/>\n<meta name=\"robots\" content=\"index, follow, max-snippet:-1, max-image-preview:large, max-video-preview:-1\" \/>\n<link rel=\"canonical\" href=\"https:\/\/avivaoktatas.hu\/index.php\/kerdesek__trashed\/\" \/>\n<meta property=\"og:locale\" content=\"hu_HU\" \/>\n<meta property=\"og:type\" content=\"article\" \/>\n<meta property=\"og:title\" content=\"Gyakran ism\u00e9telt k\u00e9rd\u00e9sek az aviva torn\u00e1val kapcsolatban\" \/>\n<meta property=\"og:description\" content=\"Gyakran ism\u00e9telt k\u00e9rd\u00e9sek, v\u00e1laszok, amit te is feltenn\u00e9l a torn\u00e1val kapcsolatban. rem\u00e9lem mindenre v\u00e1laszt kapsz, ami \u00e9rdekel\" \/>\n<meta property=\"og:url\" content=\"https:\/\/avivaoktatas.hu\/index.php\/kerdesek__trashed\/\" \/>\n<meta property=\"og:site_name\" content=\"avivaoktatas.hu\" \/>\n<meta property=\"article:publisher\" content=\"https:\/\/www.facebook.com\/avivaoktatas\/\" \/>\n<meta property=\"article:modified_time\" content=\"2023-12-21T13:37:07+00:00\" \/>\n<meta property=\"og:image\" content=\"https:\/\/avivaoktatas.hu\/wp-content\/uploads\/2016\/06\/aviva-logo_c_black.png\" \/>\n<meta name=\"twitter:card\" content=\"summary_large_image\" \/>\n<meta name=\"twitter:label1\" content=\"Becs\u00fclt olvas\u00e1si id\u0151\" \/>\n\t<meta name=\"twitter:data1\" content=\"2 perc\" \/>\n<script type=\"application\/ld+json\" class=\"yoast-schema-graph\">{\"@context\":\"https:\\\/\\\/schema.org\",\"@graph\":[{\"@type\":\"WebPage\",\"@id\":\"https:\\\/\\\/avivaoktatas.hu\\\/index.php\\\/kerdesek__trashed\\\/\",\"url\":\"https:\\\/\\\/avivaoktatas.hu\\\/index.php\\\/kerdesek__trashed\\\/\",\"name\":\"Gyakran ism\u00e9telt k\u00e9rd\u00e9sek az aviva torn\u00e1val kapcsolatban\",\"isPartOf\":{\"@id\":\"https:\\\/\\\/avivaoktatas.hu\\\/#website\"},\"primaryImageOfPage\":{\"@id\":\"https:\\\/\\\/avivaoktatas.hu\\\/index.php\\\/kerdesek__trashed\\\/#primaryimage\"},\"image\":{\"@id\":\"https:\\\/\\\/avivaoktatas.hu\\\/index.php\\\/kerdesek__trashed\\\/#primaryimage\"},\"thumbnailUrl\":\"https:\\\/\\\/avivaoktatas.hu\\\/wp-content\\\/uploads\\\/2016\\\/06\\\/aviva-logo_c_black.png\",\"datePublished\":\"2017-11-24T13:31:55+00:00\",\"dateModified\":\"2023-12-21T13:37:07+00:00\",\"description\":\"Gyakran ism\u00e9telt k\u00e9rd\u00e9sek, v\u00e1laszok, amit te is feltenn\u00e9l a torn\u00e1val kapcsolatban. rem\u00e9lem mindenre v\u00e1laszt kapsz, ami \u00e9rdekel\",\"breadcrumb\":{\"@id\":\"https:\\\/\\\/avivaoktatas.hu\\\/index.php\\\/kerdesek__trashed\\\/#breadcrumb\"},\"inLanguage\":\"hu\",\"potentialAction\":[{\"@type\":\"ReadAction\",\"target\":[\"https:\\\/\\\/avivaoktatas.hu\\\/index.php\\\/kerdesek__trashed\\\/\"]}]},{\"@type\":\"ImageObject\",\"inLanguage\":\"hu\",\"@id\":\"https:\\\/\\\/avivaoktatas.hu\\\/index.php\\\/kerdesek__trashed\\\/#primaryimage\",\"url\":\"https:\\\/\\\/avivaoktatas.hu\\\/wp-content\\\/uploads\\\/2016\\\/06\\\/aviva-logo_c_black.png\",\"contentUrl\":\"https:\\\/\\\/avivaoktatas.hu\\\/wp-content\\\/uploads\\\/2016\\\/06\\\/aviva-logo_c_black.png\",\"width\":220,\"height\":179,\"caption\":\"AVIVA methode\"},{\"@type\":\"BreadcrumbList\",\"@id\":\"https:\\\/\\\/avivaoktatas.hu\\\/index.php\\\/kerdesek__trashed\\\/#breadcrumb\",\"itemListElement\":[{\"@type\":\"ListItem\",\"position\":1,\"name\":\"Home\",\"item\":\"https:\\\/\\\/avivaoktatas.hu\\\/\"},{\"@type\":\"ListItem\",\"position\":2,\"name\":\"Gy.I.K\"}]},{\"@type\":\"WebSite\",\"@id\":\"https:\\\/\\\/avivaoktatas.hu\\\/#website\",\"url\":\"https:\\\/\\\/avivaoktatas.hu\\\/\",\"name\":\"avivaoktatas.hu\",\"description\":\"Aviva torna betanul\u00f3 \u00e9s gyakorl\u00f3 \u00f3r\u00e1k, seg\u00edti a teherbees\u00e9st, ciszta, mi\u00f3ma, PCO, menopauza\",\"potentialAction\":[{\"@type\":\"SearchAction\",\"target\":{\"@type\":\"EntryPoint\",\"urlTemplate\":\"https:\\\/\\\/avivaoktatas.hu\\\/?s={search_term_string}\"},\"query-input\":{\"@type\":\"PropertyValueSpecification\",\"valueRequired\":true,\"valueName\":\"search_term_string\"}}],\"inLanguage\":\"hu\"}]}<\/script>\n<!-- \/ Yoast SEO plugin. -->","yoast_head_json":{"title":"Gyakran ism\u00e9telt k\u00e9rd\u00e9sek az aviva torn\u00e1val kapcsolatban","description":"Gyakran ism\u00e9telt k\u00e9rd\u00e9sek, v\u00e1laszok, amit te is feltenn\u00e9l a torn\u00e1val kapcsolatban. rem\u00e9lem mindenre v\u00e1laszt kapsz, ami \u00e9rdekel","robots":{"index":"index","follow":"follow","max-snippet":"max-snippet:-1","max-image-preview":"max-image-preview:large","max-video-preview":"max-video-preview:-1"},"canonical":"https:\/\/avivaoktatas.hu\/index.php\/kerdesek__trashed\/","og_locale":"hu_HU","og_type":"article","og_title":"Gyakran ism\u00e9telt k\u00e9rd\u00e9sek az aviva torn\u00e1val kapcsolatban","og_description":"Gyakran ism\u00e9telt k\u00e9rd\u00e9sek, v\u00e1laszok, amit te is feltenn\u00e9l a torn\u00e1val kapcsolatban. rem\u00e9lem mindenre v\u00e1laszt kapsz, ami \u00e9rdekel","og_url":"https:\/\/avivaoktatas.hu\/index.php\/kerdesek__trashed\/","og_site_name":"avivaoktatas.hu","article_publisher":"https:\/\/www.facebook.com\/avivaoktatas\/","article_modified_time":"2023-12-21T13:37:07+00:00","og_image":[{"url":"https:\/\/avivaoktatas.hu\/wp-content\/uploads\/2016\/06\/aviva-logo_c_black.png","type":"","width":"","height":""}],"twitter_card":"summary_large_image","twitter_misc":{"Becs\u00fclt olvas\u00e1si id\u0151":"2 perc"},"schema":{"@context":"https:\/\/schema.org","@graph":[{"@type":"WebPage","@id":"https:\/\/avivaoktatas.hu\/index.php\/kerdesek__trashed\/","url":"https:\/\/avivaoktatas.hu\/index.php\/kerdesek__trashed\/","name":"Gyakran ism\u00e9telt k\u00e9rd\u00e9sek az aviva torn\u00e1val kapcsolatban","isPartOf":{"@id":"https:\/\/avivaoktatas.hu\/#website"},"primaryImageOfPage":{"@id":"https:\/\/avivaoktatas.hu\/index.php\/kerdesek__trashed\/#primaryimage"},"image":{"@id":"https:\/\/avivaoktatas.hu\/index.php\/kerdesek__trashed\/#primaryimage"},"thumbnailUrl":"https:\/\/avivaoktatas.hu\/wp-content\/uploads\/2016\/06\/aviva-logo_c_black.png","datePublished":"2017-11-24T13:31:55+00:00","dateModified":"2023-12-21T13:37:07+00:00","description":"Gyakran ism\u00e9telt k\u00e9rd\u00e9sek, v\u00e1laszok, amit te is feltenn\u00e9l a torn\u00e1val kapcsolatban. rem\u00e9lem mindenre v\u00e1laszt kapsz, ami \u00e9rdekel","breadcrumb":{"@id":"https:\/\/avivaoktatas.hu\/index.php\/kerdesek__trashed\/#breadcrumb"},"inLanguage":"hu","potentialAction":[{"@type":"ReadAction","target":["https:\/\/avivaoktatas.hu\/index.php\/kerdesek__trashed\/"]}]},{"@type":"ImageObject","inLanguage":"hu","@id":"https:\/\/avivaoktatas.hu\/index.php\/kerdesek__trashed\/#primaryimage","url":"https:\/\/avivaoktatas.hu\/wp-content\/uploads\/2016\/06\/aviva-logo_c_black.png","contentUrl":"https:\/\/avivaoktatas.hu\/wp-content\/uploads\/2016\/06\/aviva-logo_c_black.png","width":220,"height":179,"caption":"AVIVA methode"},{"@type":"BreadcrumbList","@id":"https:\/\/avivaoktatas.hu\/index.php\/kerdesek__trashed\/#breadcrumb","itemListElement":[{"@type":"ListItem","position":1,"name":"Home","item":"https:\/\/avivaoktatas.hu\/"},{"@type":"ListItem","position":2,"name":"Gy.I.K"}]},{"@type":"WebSite","@id":"https:\/\/avivaoktatas.hu\/#website","url":"https:\/\/avivaoktatas.hu\/","name":"avivaoktatas.hu","description":"Aviva torna betanul\u00f3 \u00e9s gyakorl\u00f3 \u00f3r\u00e1k, seg\u00edti a teherbees\u00e9st, ciszta, mi\u00f3ma, PCO, menopauza","potentialAction":[{"@type":"SearchAction","target":{"@type":"EntryPoint","urlTemplate":"https:\/\/avivaoktatas.hu\/?s={search_term_string}"},"query-input":{"@type":"PropertyValueSpecification","valueRequired":true,"valueName":"search_term_string"}}],"inLanguage":"hu"}]}},"_links":{"self":[{"href":"https:\/\/avivaoktatas.hu\/index.php\/wp-json\/wp\/v2\/pages\/413","targetHints":{"allow":["GET"]}}],"collection":[{"href":"https:\/\/avivaoktatas.hu\/index.php\/wp-json\/wp\/v2\/pages"}],"about":[{"href":"https:\/\/avivaoktatas.hu\/index.php\/wp-json\/wp\/v2\/types\/page"}],"author":[{"embeddable":true,"href":"https:\/\/avivaoktatas.hu\/index.php\/wp-json\/wp\/v2\/users\/1"}],"replies":[{"embeddable":true,"href":"https:\/\/avivaoktatas.hu\/index.php\/wp-json\/wp\/v2\/comments?post=413"}],"version-history":[{"count":5,"href":"https:\/\/avivaoktatas.hu\/index.php\/wp-json\/wp\/v2\/pages\/413\/revisions"}],"predecessor-version":[{"id":1188,"href":"https:\/\/avivaoktatas.hu\/index.php\/wp-json\/wp\/v2\/pages\/413\/revisions\/1188"}],"wp:attachment":[{"href":"https:\/\/avivaoktatas.hu\/index.php\/wp-json\/wp\/v2\/media?parent=413"}],"curies":[{"name":"wp","href":"https:\/\/api.w.org\/{rel}","templated":true}]}}