{"id":2,"date":"2016-06-02T23:51:39","date_gmt":"2016-06-02T23:51:39","guid":{"rendered":"https:\/\/avivaoktatas.hu\/?page_id=2"},"modified":"2026-04-18T20:36:28","modified_gmt":"2026-04-18T19:36:28","slug":"aviva-torna-2","status":"publish","type":"page","link":"https:\/\/avivaoktatas.hu\/","title":{"rendered":"K\u00f6sz\u00f6ntelek az Avivaoktat\u00e1s oldal\u00e1n"},"content":{"rendered":"\r\n\r\n\r\n<p>&nbsp;<\/p>\r\n<p style=\"text-align: center;\"><strong><em><span class=\"has-inline-color\" style=\"color: #840e84 !important;\">2026.04.20. H\u00c9TF\u0150T\u00d6L 2026. M\u00c1JUS 4. H\u00c9TF\u0150IG A GYAKORL\u00d3 \u00d3R\u00c1K ELMARADNAK!<\/span><\/em><\/strong><\/p>\r\n<p style=\"text-align: center;\"><strong><em><span class=\"has-inline-color\" style=\"color: #840e84 !important;\">AVIVA M\u00d3DSZER ALAP &#8222;BETANUL\u00d3&#8221; \u2013 GYAKORLAT ISMERTET\u0150 ALKALOM \u00a0 \u00a0 \u00a0 \u00a0 \u00a0 \u00a0A M\u00d3RICZ ZSIGMOND K\u00d6RT\u00c9REN (1 alkalom) 4 \u00d3RA\u00a0 \u2013 \u00a0 SZEM\u00c9LYES R\u00c9SZV\u00c9TELLEL\u00a0\u00a0<\/span><\/em><\/strong><\/p>\r\n\r\n\r\n\r\n<p>&nbsp;<\/p>\r\n<p><strong>Az oktat\u00e1sra k\u00e9nyelmes ruh\u00e1t \u00e9s zoknit kell hozni (amennyiben f\u00e1z\u00f3s a l\u00e1bad plusz zoknit\/zoknikat is).<br \/>a tanfolyam d\u00edja 30.000,-\u00a0<\/strong><\/p>\r\n\r\n\r\n\r\n\r\n\r\n<p class=\"has-text-align-left\"><strong><em><span class=\"has-inline-color\" style=\"color: #800974;\"><span class=\"has-inline-color\"><span style=\"color: #800974;\" data-rich-text-format-boundary=\"true\">A betanul\u00f3 alkalomra az avivaoktatas@gmail.com e-mail c\u00edmen tudsz jelentkezni.<\/span><\/span><\/span><\/em><\/strong><\/p>\r\n<p class=\"has-text-align-left\"><strong><em><span class=\"has-inline-color\" style=\"color: #800974;\">Az szem\u00e9lyes gyakorl\u00f3 \u00f3r\u00e1k id\u0151pontjai:<\/span><\/em><\/strong><\/p>\r\n\r\n<p><span style=\"color: #993366;\"><em><strong data-rich-text-format-boundary=\"true\">H\u00c9TF\u0150\u00a0<\/strong><strong>18.00 &#8211; 19.30 &#8211; SZEM\u00c9LYES r\u00e9szv\u00e9tellel<\/strong><\/em><\/span><br data-rich-text-line-break=\"true\" \/><strong><em>Egyszer\u0171 m\u00f3dszer 18 alap\u00a0gyakorlat &#8211;\u00a0ovul\u00e1ci\u00f3s &#8211; (hormonserkent\u0151) gyakorlatok<br data-rich-text-line-break=\"true\" \/>a gyakorl\u00f3 \u00f3ra d\u00edja: 4.000,- bejelentkez\u00e9s sz\u00fcks\u00e9ges<\/em><\/strong> <br data-rich-text-line-break=\"true\" \/><span style=\"color: #993366;\"><em><strong>SZERDA 18.00 &#8211; 19.30 \u00a0&#8211; SZEM\u00c9LYES\u00a0 r\u00e9szv\u00e9tellel\u00a0 \u00a0 \u00a0 \u00a0 \u00a0 \u00a0 \u00a0 \u00a0 \u00a0 \u00a0 \u00a0<\/strong><\/em><\/span><em>\u00a0 \u00a0 \u00a0 \u00a0 \u00a0 \u00a0 \u00a0 \u00a0 \u00a0 \u00a0 \u00a0 \u00a0 \u00a0 \u00a0 \u00a0 <strong>Egyszer\u0171 m\u00f3dszer<\/strong><\/em><em><strong> 18 alap\u00a0gyakorlat &#8211;\u00a0ovul\u00e1ci\u00f3s (hormonserkent\u0151) gyakorlatok<\/strong><br data-rich-text-line-break=\"true\" \/><strong>a gyakorl\u00f3 \u00f3ra d\u00edja: 4.000,- bejelentkez\u00e9s sz\u00fcks\u00e9ges\u00a0<\/strong>\u00a0 \u00a0 \u00a0 \u00a0 \u00a0 \u00a0 \u00a0 \u00a0 \u00a0 \u00a0 \u00a0 \u00a0 \u00a0 \u00a0 \u00a0 \u00a0 \u00a0 \u00a0 \u00a0 \u00a0 \u00a0 \u00a0 \u00a0 \u00a0 \u00a0 <span style=\"color: #993366;\"><strong>P\u00c9NTEK 17.00 &#8211; 18.30 \u00a0&#8211; SZEM\u00c9LYES\u00a0 r\u00e9szv\u00e9tellel\u00a0 \u00a0 \u00a0 \u00a0 \u00a0 \u00a0 \u00a0 \u00a0 \u00a0 \u00a0 \u00a0<\/strong><\/span>\u00a0 \u00a0 \u00a0 \u00a0 \u00a0 \u00a0 \u00a0 \u00a0 \u00a0 \u00a0 \u00a0 \u00a0 \u00a0 \u00a0 \u00a0 <strong>Egyszer\u0171 m\u00f3dszer<\/strong><strong> 18 alap\u00a0gyakorlat &#8211;\u00a0ovul\u00e1ci\u00f3s (hormonserkent\u0151) gyakorlatok<\/strong><br data-rich-text-line-break=\"true\" \/><strong>a gyakorl\u00f3 \u00f3ra d\u00edja: 4.000,- bejelentkez\u00e9s sz\u00fcks\u00e9ges\u00a0<\/strong>\u00a0 \u00a0 \u00a0 \u00a0 \u00a0 \u00a0 \u00a0 \u00a0 \u00a0 \u00a0 \u00a0 \u00a0 \u00a0 \u00a0 \u00a0 \u00a0 \u00a0 \u00a0 \u00a0 \u00a0 \u00a0 \u00a0 \u00a0 \u00a0 \u00a0 <\/em><\/p>\r\n<p><em>\u00a0<\/em><strong><span class=\"has-inline-color\"><em><span style=\"color: #800974;\" data-rich-text-format-boundary=\"true\">A linkre kattintva tudtok jelentkezni a szem\u00e9lyes gyakorl\u00f3 \u00f3r\u00e1kra:<\/span><\/em><\/span>\u00a0 \u00a0\u00a0 \u00a0<\/strong><span style=\"color: #0000ff;\"><a style=\"color: #0000ff;\" href=\"http:\/\/shorturl.at\/eozU5\"><strong><span style=\"color: #0000ff;\">http:\/\/shorturl.at\/eozU5<\/span><\/strong><\/a><\/span><\/p>\r\n<p><strong>A gyakorl\u00f3 \u00f3r\u00e1t csak az l\u00e1togathatja, aki r\u00e9szt vett az Alap gyakorlatok betanul\u00f3 alkalmon!<\/strong><\/p>\r\n\r\n<div>\u00a0<\/div>\r\n<div><span style=\"color: #800080;\"><strong>El\u00e9rhet\u0151s\u00e9g: <\/strong><\/span><\/div>\r\n<div><span style=\"color: #800080;\"><strong>B\u00d3LYA ZSUZSANNA<\/strong><\/span><\/div>\r\n<div><span style=\"color: #800080;\"><strong>Hivatalos Aviva M\u00f3dszer Oktat\u00f3\u00a0<\/strong><\/span><\/div>\r\n<div><span style=\"color: #3366ff;\"><em><strong>+ 36 30 869 8318<\/strong><\/em><\/span><\/div>\r\n<div><span style=\"color: #3366ff;\"><em><strong>zsuzsa@avivaoktatas.hu<\/strong><\/em><\/span><\/div>\r\n<div>\u00a0<\/div>\r\n<div style=\"text-align: center;\">.<\/div>\r\n<div><img loading=\"lazy\" decoding=\"async\" class=\"size-medium wp-image-14 aligncenter\" src=\"https:\/\/avivaoktatas.hu\/wp-content\/uploads\/2016\/06\/happywomen-300x300.jpg\" alt=\"\" width=\"300\" height=\"300\" srcset=\"https:\/\/avivaoktatas.hu\/wp-content\/uploads\/2016\/06\/happywomen-300x300.jpg 300w, https:\/\/avivaoktatas.hu\/wp-content\/uploads\/2016\/06\/happywomen-150x150.jpg 150w, https:\/\/avivaoktatas.hu\/wp-content\/uploads\/2016\/06\/happywomen.jpg 348w\" sizes=\"auto, (max-width: 300px) 100vw, 300px\" \/><\/div>\r\n<div>\u00a0<\/div>\r\n<div><span style=\"color: #3366ff;\">K\u00f6vesd Facebook oldalunkat:<\/span>\u00a0<a href=\"https:\/\/www.facebook.com\/Aviva-Oktat\u00e1s-358095071279829\" target=\"_blank\" rel=\"https:\/\/www.facebook.com\/aviva-oktat\u00e1s-358095071279829\/ noopener noreferrer\"><img loading=\"lazy\" decoding=\"async\" class=\"alignnone wp-image-372\" title=\"Facebook\" src=\"https:\/\/avivaoktatas.hu\/wp-content\/uploads\/2016\/06\/facebook.png\" alt=\"\" width=\"28\" height=\"28\" \/><\/a><\/div>\r\n<div>\u00a0<\/div>\r\n<div><img loading=\"lazy\" decoding=\"async\" class=\"wp-image-21 aligncenter\" src=\"https:\/\/avivaoktatas.hu\/wp-content\/uploads\/2016\/06\/aviva-logo_c_black.png\" alt=\"\" width=\"108\" height=\"89\" \/><\/div>\r\n<p><span style=\"border-top-left-radius: 2px; border-top-right-radius: 2px; border-bottom-right-radius: 2px; border-bottom-left-radius: 2px; text-indent: 20px; width: auto; text-align: center; font: normal normal normal 11px\/20px 'Helvetica Neue', Helvetica, sans-serif; font-weight: bold; color: #ffffff; background-image: url(data:image\/svg+xml; base64,phn2zyb4bwxucz0iahr0cdovl3d3dy53my5vcmcvmjawmc9zdmciighlawdodd0imzbwecigd2lkdgg9ijmwchgiihzpzxdcb3g9ii0xic0xidmxidmxij48zz48cgf0acbkpsjnmjkundq5lde0ljy2mibdmjkundq5ldiyljcymiaymi44njgsmjkumju2ide0ljc1ldi5lji1nibdni42mzismjkumju2idaumduxldiyljcymiawlja1mswxnc42njigqzaumduxldyunjaxidyunjmyldaumdy3ide0ljc1ldaumdy3iemymi44njgsmc4wnjcgmjkundq5ldyunjaxidi5ljq0oswxnc42njiiigzpbgw9iinmzmyiihn0cm9rzt0ii2zmziigc3ryb2tllxdpzhropsixij48l3bhdgg+phbhdgggzd0itte0ljczmywxljy4nibdny41mtysms42odygms42njusny40otugms42njusmtqunjyyiemxljy2nswymc4xntkgns4xmdksmjquodu0idkuotcsmjyunzq0iem5ljg1niwyns43mtggos43ntmsmjqumtqzidewljaxniwymy4wmjigqzewlji1mywymi4wmsaxms41ndgsmtyuntcyidexlju0ocwxni41nzigqzexlju0ocwxni41nzigmteumtu3lde1ljc5nsaxms4xntcsmtqunjq2iemxms4xntcsmtiuodqyideyljixmswxms40otugmtmuntiyldexljq5nsbdmtqunjm3ldexljq5nsaxns4xnzusmtiumzi2ide1lje3nswxmy4zmjmgqze1lje3nswxnc40mzygmtqundyylde2ljegmtqumdkzlde3ljy0mybdmtmunzg1lde4ljkznsaxnc43ndusmtkuotg4ide2ljayocwxos45odggqze4ljm1mswxos45odggmjaumtm2lde3lju1niaymc4xmzysmtqumdq2iemymc4xmzysmtauotm5ide3ljg4ocw4ljc2nyaxnc42nzgsoc43njcgqzewljk1osw4ljc2nya4ljc3nywxms41mzygoc43nzcsmtqumzk4iem4ljc3nywxns41mtmgos4ymswxni43mdkgos43ndksmtcumzu5iem5ljg1niwxny40odggos44nzismtcunia5ljg0lde3ljczmsbdos43ndesmtgumtqxidkuntismtkumdizidkundc3lde5ljiwmybdos40miwxos40nca5lji4ocwxos40otegos4wncwxos4znzygqzcunda4lde4ljyymia2ljm4nywxni4yntigni4zodcsmtqumzq5iem2ljm4nywxmc4yntygos4zodmsni40otcgmtuumdiyldyundk3iemxos41ntusni40otcgmjmumdc4ldkunza1idizlja3ocwxmy45otegqzizlja3ocwxoc40njmgmjaumjm5ldiylja2miaxni4yotcsmjiumdyyiemxnc45nzmsmjiumdyyidezljcyocwyms4znzkgmtmumzayldiwlju3mibdmtmumzayldiwlju3miaxmi42ndcsmjmumdugmtiundg4ldizljy1nybdmtiumtkzldi0ljc4ncaxms4zotysmjyumtk2idewljg2mywyny4wntggqzeylja4niwyny40mzqgmtmumzg2ldi3ljyznyaxnc43mzmsmjcunjm3iemyms45nswyny42mzcgmjcuodaxldixljgyocayny44mdesmtqunjyyiemyny44mdesny40otugmjeuotusms42odygmtqunzmzldeunjg2iibmawxspsijymqwodfjij48l3bhdgg+pc9npjwvc3znpg==); background-attachment: initial; background-origin: initial; background-clip: initial; background-color: #bd081c; background-size: 14px; position: absolute; opacity: 1; z-index: 8675309; display: none; cursor: pointer; -webkit-font-smoothing: antialiased; background-position: 3px 50%; background-repeat: no-repeat no-repeat; padding: 0px 4px 0px 0px; border: initial none initial;\">Ment\u00e9s<\/span><span style=\"border-top-left-radius: 2px; border-top-right-radius: 2px; border-bottom-right-radius: 2px; border-bottom-left-radius: 2px; text-indent: 20px; width: auto; text-align: center; font: normal normal normal 11px\/20px 'Helvetica Neue', Helvetica, sans-serif; font-weight: bold; color: #ffffff; background-image: url(data:image\/svg+xml; base64,phn2zyb4bwxucz0iahr0cdovl3d3dy53my5vcmcvmjawmc9zdmciighlawdodd0imzbwecigd2lkdgg9ijmwchgiihzpzxdcb3g9ii0xic0xidmxidmxij48zz48cgf0acbkpsjnmjkundq5lde0ljy2mibdmjkundq5ldiyljcymiaymi44njgsmjkumju2ide0ljc1ldi5lji1nibdni42mzismjkumju2idaumduxldiyljcymiawlja1mswxnc42njigqzaumduxldyunjaxidyunjmyldaumdy3ide0ljc1ldaumdy3iemymi44njgsmc4wnjcgmjkundq5ldyunjaxidi5ljq0oswxnc42njiiigzpbgw9iinmzmyiihn0cm9rzt0ii2zmziigc3ryb2tllxdpzhropsixij48l3bhdgg+phbhdgggzd0itte0ljczmywxljy4nibdny41mtysms42odygms42njusny40otugms42njusmtqunjyyiemxljy2nswymc4xntkgns4xmdksmjquodu0idkuotcsmjyunzq0iem5ljg1niwyns43mtggos43ntmsmjqumtqzidewljaxniwymy4wmjigqzewlji1mywymi4wmsaxms41ndgsmtyuntcyidexlju0ocwxni41nzigqzexlju0ocwxni41nzigmteumtu3lde1ljc5nsaxms4xntcsmtqunjq2iemxms4xntcsmtiuodqyideyljixmswxms40otugmtmuntiyldexljq5nsbdmtqunjm3ldexljq5nsaxns4xnzusmtiumzi2ide1lje3nswxmy4zmjmgqze1lje3nswxnc40mzygmtqundyylde2ljegmtqumdkzlde3ljy0mybdmtmunzg1lde4ljkznsaxnc43ndusmtkuotg4ide2ljayocwxos45odggqze4ljm1mswxos45odggmjaumtm2lde3lju1niaymc4xmzysmtqumdq2iemymc4xmzysmtauotm5ide3ljg4ocw4ljc2nyaxnc42nzgsoc43njcgqzewljk1osw4ljc2nya4ljc3nywxms41mzygoc43nzcsmtqumzk4iem4ljc3nywxns41mtmgos4ymswxni43mdkgos43ndksmtcumzu5iem5ljg1niwxny40odggos44nzismtcunia5ljg0lde3ljczmsbdos43ndesmtgumtqxidkuntismtkumdizidkundc3lde5ljiwmybdos40miwxos40nca5lji4ocwxos40otegos4wncwxos4znzygqzcunda4lde4ljyymia2ljm4nywxni4yntigni4zodcsmtqumzq5iem2ljm4nywxmc4yntygos4zodmsni40otcgmtuumdiyldyundk3iemxos41ntusni40otcgmjmumdc4ldkunza1idizlja3ocwxmy45otegqzizlja3ocwxoc40njmgmjaumjm5ldiylja2miaxni4yotcsmjiumdyyiemxnc45nzmsmjiumdyyidezljcyocwyms4znzkgmtmumzayldiwlju3mibdmtmumzayldiwlju3miaxmi42ndcsmjmumdugmtiundg4ldizljy1nybdmtiumtkzldi0ljc4ncaxms4zotysmjyumtk2idewljg2mywyny4wntggqzeylja4niwyny40mzqgmtmumzg2ldi3ljyznyaxnc43mzmsmjcunjm3iemyms45nswyny42mzcgmjcuodaxldixljgyocayny44mdesmtqunjyyiemyny44mdesny40otugmjeuotusms42odygmtqunzmzldeunjg2iibmawxspsijymqwodfjij48l3bhdgg+pc9npjwvc3znpg==); background-attachment: initial; background-origin: initial; background-clip: initial; background-color: #bd081c; background-size: 14px; position: absolute; opacity: 1; z-index: 8675309; display: none; cursor: pointer; -webkit-font-smoothing: antialiased; background-position: 3px 50%; background-repeat: no-repeat no-repeat; padding: 0px 4px 0px 0px; border: initial none initial;\">Ment\u00e9s<\/span><\/p>","protected":false},"excerpt":{"rendered":"<p>&nbsp; 2026.04.20. H\u00c9TF\u0150T\u00d6L 2026. M\u00c1JUS 4. H\u00c9TF\u0150IG A GYAKORL\u00d3 \u00d3R\u00c1K ELMARADNAK! AVIVA M\u00d3DSZER ALAP &#8222;BETANUL\u00d3&#8221; \u2013 GYAKORLAT ISMERTET\u0150 ALKALOM \u00a0 \u00a0 \u00a0 \u00a0 \u00a0 \u00a0A M\u00d3RICZ ZSIGMOND K\u00d6RT\u00c9REN (1 alkalom) 4 \u00d3RA\u00a0 \u2013 \u00a0 SZEM\u00c9LYES R\u00c9SZV\u00c9TELLEL\u00a0\u00a0 &nbsp; Az oktat\u00e1sra k\u00e9nyelmes &hellip; <a href=\"https:\/\/avivaoktatas.hu\/\">Egy kattint\u00e1s ide a folytat\u00e1shoz&#8230;. <span class=\"meta-nav\">&rarr;<\/span><\/a><\/p>\n","protected":false},"author":1,"featured_media":0,"parent":0,"menu_order":0,"comment_status":"closed","ping_status":"open","template":"","meta":{"footnotes":""},"class_list":["post-2","page","type-page","status-publish","hentry"],"yoast_head":"<!-- This site is optimized with the Yoast SEO plugin v27.5 - https:\/\/yoast.com\/product\/yoast-seo-wordpress\/ -->\n<title>AVIVA torna 11. ker\u00fclet M\u00f3ricz Zsigmond k\u00f6rt\u00e9ren -<\/title>\n<meta name=\"description\" content=\"Aviva torna XI. ker\u00fclet M\u00f3ricz Zsigmond k\u00f6rt\u00e9ren, betanul\u00f3 tanfolyamok, gyakorl\u00f3 \u00f3r\u00e1k, a gyorsabb eredm\u00e9ny el\u00e9r\u00e9se \u00e9rdek\u00e9ben\" \/>\n<meta name=\"robots\" content=\"index, follow, max-snippet:-1, max-image-preview:large, max-video-preview:-1\" \/>\n<link rel=\"canonical\" href=\"https:\/\/avivaoktatas.hu\/\" \/>\n<meta property=\"og:locale\" content=\"hu_HU\" \/>\n<meta property=\"og:type\" content=\"article\" \/>\n<meta property=\"og:title\" content=\"AVIVA torna 11. ker\u00fclet M\u00f3ricz Zsigmond k\u00f6rt\u00e9ren -\" \/>\n<meta property=\"og:description\" content=\"Aviva torna XI. ker\u00fclet M\u00f3ricz Zsigmond k\u00f6rt\u00e9ren, betanul\u00f3 tanfolyamok, gyakorl\u00f3 \u00f3r\u00e1k, a gyorsabb eredm\u00e9ny el\u00e9r\u00e9se \u00e9rdek\u00e9ben\" \/>\n<meta property=\"og:url\" content=\"https:\/\/avivaoktatas.hu\/\" \/>\n<meta property=\"og:site_name\" content=\"avivaoktatas.hu\" \/>\n<meta property=\"article:publisher\" content=\"https:\/\/www.facebook.com\/avivaoktatas\/\" \/>\n<meta property=\"article:modified_time\" content=\"2026-04-18T19:36:28+00:00\" \/>\n<meta property=\"og:image\" content=\"https:\/\/avivaoktatas.hu\/wp-content\/uploads\/2016\/06\/happywomen.jpg\" \/>\n\t<meta property=\"og:image:width\" content=\"348\" \/>\n\t<meta property=\"og:image:height\" content=\"348\" \/>\n\t<meta property=\"og:image:type\" content=\"image\/jpeg\" \/>\n<meta name=\"twitter:card\" content=\"summary_large_image\" \/>\n<meta name=\"twitter:label1\" content=\"Becs\u00fclt olvas\u00e1si id\u0151\" \/>\n\t<meta name=\"twitter:data1\" content=\"2 perc\" \/>\n<script type=\"application\/ld+json\" class=\"yoast-schema-graph\">{\"@context\":\"https:\\\/\\\/schema.org\",\"@graph\":[{\"@type\":\"WebPage\",\"@id\":\"https:\\\/\\\/avivaoktatas.hu\\\/\",\"url\":\"https:\\\/\\\/avivaoktatas.hu\\\/\",\"name\":\"AVIVA torna 11. ker\u00fclet M\u00f3ricz Zsigmond k\u00f6rt\u00e9ren -\",\"isPartOf\":{\"@id\":\"https:\\\/\\\/avivaoktatas.hu\\\/#website\"},\"primaryImageOfPage\":{\"@id\":\"https:\\\/\\\/avivaoktatas.hu\\\/#primaryimage\"},\"image\":{\"@id\":\"https:\\\/\\\/avivaoktatas.hu\\\/#primaryimage\"},\"thumbnailUrl\":\"https:\\\/\\\/avivaoktatas.hu\\\/wp-content\\\/uploads\\\/2016\\\/06\\\/happywomen-300x300.jpg\",\"datePublished\":\"2016-06-02T23:51:39+00:00\",\"dateModified\":\"2026-04-18T19:36:28+00:00\",\"description\":\"Aviva torna XI. ker\u00fclet M\u00f3ricz Zsigmond k\u00f6rt\u00e9ren, betanul\u00f3 tanfolyamok, gyakorl\u00f3 \u00f3r\u00e1k, a gyorsabb eredm\u00e9ny el\u00e9r\u00e9se \u00e9rdek\u00e9ben\",\"breadcrumb\":{\"@id\":\"https:\\\/\\\/avivaoktatas.hu\\\/#breadcrumb\"},\"inLanguage\":\"hu\",\"potentialAction\":[{\"@type\":\"ReadAction\",\"target\":[\"https:\\\/\\\/avivaoktatas.hu\\\/\"]}]},{\"@type\":\"ImageObject\",\"inLanguage\":\"hu\",\"@id\":\"https:\\\/\\\/avivaoktatas.hu\\\/#primaryimage\",\"url\":\"https:\\\/\\\/avivaoktatas.hu\\\/wp-content\\\/uploads\\\/2016\\\/06\\\/happywomen.jpg\",\"contentUrl\":\"https:\\\/\\\/avivaoktatas.hu\\\/wp-content\\\/uploads\\\/2016\\\/06\\\/happywomen.jpg\",\"width\":348,\"height\":348},{\"@type\":\"BreadcrumbList\",\"@id\":\"https:\\\/\\\/avivaoktatas.hu\\\/#breadcrumb\",\"itemListElement\":[{\"@type\":\"ListItem\",\"position\":1,\"name\":\"Home\",\"item\":\"https:\\\/\\\/avivaoktatas.hu\\\/\"},{\"@type\":\"ListItem\",\"position\":2,\"name\":\"K\u00f6sz\u00f6ntelek az Avivaoktat\u00e1s oldal\u00e1n\"}]},{\"@type\":\"WebSite\",\"@id\":\"https:\\\/\\\/avivaoktatas.hu\\\/#website\",\"url\":\"https:\\\/\\\/avivaoktatas.hu\\\/\",\"name\":\"avivaoktatas.hu\",\"description\":\"Aviva torna betanul\u00f3 \u00e9s gyakorl\u00f3 \u00f3r\u00e1k, seg\u00edti a teherbees\u00e9st, ciszta, mi\u00f3ma, PCO, menopauza\",\"potentialAction\":[{\"@type\":\"SearchAction\",\"target\":{\"@type\":\"EntryPoint\",\"urlTemplate\":\"https:\\\/\\\/avivaoktatas.hu\\\/?s={search_term_string}\"},\"query-input\":{\"@type\":\"PropertyValueSpecification\",\"valueRequired\":true,\"valueName\":\"search_term_string\"}}],\"inLanguage\":\"hu\"}]}<\/script>\n<!-- \/ Yoast SEO plugin. -->","yoast_head_json":{"title":"AVIVA torna 11. ker\u00fclet M\u00f3ricz Zsigmond k\u00f6rt\u00e9ren -","description":"Aviva torna XI. ker\u00fclet M\u00f3ricz Zsigmond k\u00f6rt\u00e9ren, betanul\u00f3 tanfolyamok, gyakorl\u00f3 \u00f3r\u00e1k, a gyorsabb eredm\u00e9ny el\u00e9r\u00e9se \u00e9rdek\u00e9ben","robots":{"index":"index","follow":"follow","max-snippet":"max-snippet:-1","max-image-preview":"max-image-preview:large","max-video-preview":"max-video-preview:-1"},"canonical":"https:\/\/avivaoktatas.hu\/","og_locale":"hu_HU","og_type":"article","og_title":"AVIVA torna 11. ker\u00fclet M\u00f3ricz Zsigmond k\u00f6rt\u00e9ren -","og_description":"Aviva torna XI. ker\u00fclet M\u00f3ricz Zsigmond k\u00f6rt\u00e9ren, betanul\u00f3 tanfolyamok, gyakorl\u00f3 \u00f3r\u00e1k, a gyorsabb eredm\u00e9ny el\u00e9r\u00e9se \u00e9rdek\u00e9ben","og_url":"https:\/\/avivaoktatas.hu\/","og_site_name":"avivaoktatas.hu","article_publisher":"https:\/\/www.facebook.com\/avivaoktatas\/","article_modified_time":"2026-04-18T19:36:28+00:00","og_image":[{"width":348,"height":348,"url":"https:\/\/avivaoktatas.hu\/wp-content\/uploads\/2016\/06\/happywomen.jpg","type":"image\/jpeg"}],"twitter_card":"summary_large_image","twitter_misc":{"Becs\u00fclt olvas\u00e1si id\u0151":"2 perc"},"schema":{"@context":"https:\/\/schema.org","@graph":[{"@type":"WebPage","@id":"https:\/\/avivaoktatas.hu\/","url":"https:\/\/avivaoktatas.hu\/","name":"AVIVA torna 11. ker\u00fclet M\u00f3ricz Zsigmond k\u00f6rt\u00e9ren -","isPartOf":{"@id":"https:\/\/avivaoktatas.hu\/#website"},"primaryImageOfPage":{"@id":"https:\/\/avivaoktatas.hu\/#primaryimage"},"image":{"@id":"https:\/\/avivaoktatas.hu\/#primaryimage"},"thumbnailUrl":"https:\/\/avivaoktatas.hu\/wp-content\/uploads\/2016\/06\/happywomen-300x300.jpg","datePublished":"2016-06-02T23:51:39+00:00","dateModified":"2026-04-18T19:36:28+00:00","description":"Aviva torna XI. ker\u00fclet M\u00f3ricz Zsigmond k\u00f6rt\u00e9ren, betanul\u00f3 tanfolyamok, gyakorl\u00f3 \u00f3r\u00e1k, a gyorsabb eredm\u00e9ny el\u00e9r\u00e9se \u00e9rdek\u00e9ben","breadcrumb":{"@id":"https:\/\/avivaoktatas.hu\/#breadcrumb"},"inLanguage":"hu","potentialAction":[{"@type":"ReadAction","target":["https:\/\/avivaoktatas.hu\/"]}]},{"@type":"ImageObject","inLanguage":"hu","@id":"https:\/\/avivaoktatas.hu\/#primaryimage","url":"https:\/\/avivaoktatas.hu\/wp-content\/uploads\/2016\/06\/happywomen.jpg","contentUrl":"https:\/\/avivaoktatas.hu\/wp-content\/uploads\/2016\/06\/happywomen.jpg","width":348,"height":348},{"@type":"BreadcrumbList","@id":"https:\/\/avivaoktatas.hu\/#breadcrumb","itemListElement":[{"@type":"ListItem","position":1,"name":"Home","item":"https:\/\/avivaoktatas.hu\/"},{"@type":"ListItem","position":2,"name":"K\u00f6sz\u00f6ntelek az Avivaoktat\u00e1s oldal\u00e1n"}]},{"@type":"WebSite","@id":"https:\/\/avivaoktatas.hu\/#website","url":"https:\/\/avivaoktatas.hu\/","name":"avivaoktatas.hu","description":"Aviva torna betanul\u00f3 \u00e9s gyakorl\u00f3 \u00f3r\u00e1k, seg\u00edti a teherbees\u00e9st, ciszta, mi\u00f3ma, PCO, menopauza","potentialAction":[{"@type":"SearchAction","target":{"@type":"EntryPoint","urlTemplate":"https:\/\/avivaoktatas.hu\/?s={search_term_string}"},"query-input":{"@type":"PropertyValueSpecification","valueRequired":true,"valueName":"search_term_string"}}],"inLanguage":"hu"}]}},"_links":{"self":[{"href":"https:\/\/avivaoktatas.hu\/index.php\/wp-json\/wp\/v2\/pages\/2","targetHints":{"allow":["GET"]}}],"collection":[{"href":"https:\/\/avivaoktatas.hu\/index.php\/wp-json\/wp\/v2\/pages"}],"about":[{"href":"https:\/\/avivaoktatas.hu\/index.php\/wp-json\/wp\/v2\/types\/page"}],"author":[{"embeddable":true,"href":"https:\/\/avivaoktatas.hu\/index.php\/wp-json\/wp\/v2\/users\/1"}],"replies":[{"embeddable":true,"href":"https:\/\/avivaoktatas.hu\/index.php\/wp-json\/wp\/v2\/comments?post=2"}],"version-history":[{"count":707,"href":"https:\/\/avivaoktatas.hu\/index.php\/wp-json\/wp\/v2\/pages\/2\/revisions"}],"predecessor-version":[{"id":1375,"href":"https:\/\/avivaoktatas.hu\/index.php\/wp-json\/wp\/v2\/pages\/2\/revisions\/1375"}],"wp:attachment":[{"href":"https:\/\/avivaoktatas.hu\/index.php\/wp-json\/wp\/v2\/media?parent=2"}],"curies":[{"name":"wp","href":"https:\/\/api.w.org\/{rel}","templated":true}]}}